{"id":8,"date":"2023-05-02T12:53:33","date_gmt":"2023-05-02T12:53:33","guid":{"rendered":"https:\/\/optronica7.inoe.ro\/?page_id=8"},"modified":"2023-06-12T15:26:02","modified_gmt":"2023-06-12T15:26:02","slug":"proiect-1","status":"publish","type":"page","link":"https:\/\/optronica7.inoe.ro\/?page_id=8","title":{"rendered":"Proiect 1"},"content":{"rendered":"\n<h2 class=\"wp-block-heading\">Cercet\u0103ri avansate privind crearea de noi cuno\u0219tin\u021be, \u00eencurajarea \u0219tiin\u021bei deschise prin asigurarea vizibilit\u0103\u021bii rezultatelor \u0219tiin\u021bifice \u0219i dezvolt\u0103rii, accesului liber si conectivitatea infrastructurilor de cercetare<\/h2>\n\n\n\n<figure class=\"wp-block-image size-large\"><img loading=\"lazy\" decoding=\"async\" width=\"1024\" height=\"434\" src=\"https:\/\/optronica7.inoe.ro\/wp-content\/uploads\/2023\/05\/Proiect1-1024x434.jpg\" alt=\"\" class=\"wp-image-250\" srcset=\"https:\/\/optronica7.inoe.ro\/wp-content\/uploads\/2023\/05\/Proiect1-1024x434.jpg 1024w, https:\/\/optronica7.inoe.ro\/wp-content\/uploads\/2023\/05\/Proiect1-300x127.jpg 300w, https:\/\/optronica7.inoe.ro\/wp-content\/uploads\/2023\/05\/Proiect1-768x325.jpg 768w, https:\/\/optronica7.inoe.ro\/wp-content\/uploads\/2023\/05\/Proiect1.jpg 1535w\" sizes=\"auto, (max-width: 1024px) 100vw, 1024px\" \/><\/figure>\n\n\n<div class=\"responsive-tabs\">\n<p class=\"tabtitle\">Rezumat<\/p>\n<div class=\"tabcontent\">\n\n\n\n\n<p class=\"has-text-align-justify\">Proiectul vizeaz\u0103 realizarea de activit\u0103\u021bi de cercetare \u00een domeniul optoelectronicii \u0219i \u00een domenii conexe care r\u0103spund unor provoc\u0103ri societale specifice la scar\u0103 na\u021bional\u0103, regional\u0103 sau mondial\u0103. Activit\u0103\u021bile proiectului urm\u0103resc trei obiective specifice, implementate prin 8 \u021binte, care vizeaz\u0103: dezvoltarea de noi materiale pentru mediu, energie \u0219i medicin\u0103; dezvoltarea de dispozitive \u0219i componente eficiente energetic; monitorizarea geospa\u021bial\u0103 a impactului schimb\u0103rilor climatice \u0219i antropogene asupra ecosistemelor critice; evaluarea apelor pluviale privind materia organic\u0103 dizolvat\u0103; evaluarea impactului asupra mediului prin analiza ciclului de via\u021b\u0103; dezvoltarea de metode \u0219i tehnici optoelectronice pentru investigarea \u0219i analiza patrimoniului cultural sau a compozi\u021bia atmosferei \u00een sinergie cu infrastructurile tip ESFRI\/ERIC din care INOE face parte, promov\u00e2nd accesul deschis la infrastructur\u0103. <\/p>\n\n\n\n<\/div><p class=\"tabtitle\">\u021ainte<\/p>\n<div class=\"tabcontent\">\n\n\n\n\n<p class=\"has-text-align-justify\">Ob. 1 Activit\u0103\u021bi de cercetare \u0219i inovare din aria provoc\u0103rilor societale &#8220;Digitalizare, industrie si spatiu&#8221; \u00een corelare cu specializarea inteligent\u0103 &#8220;5.1 Optoelectronic\u0103&#8221;<\/p>\n\n\n\n<blockquote class=\"wp-block-quote is-layout-flow wp-block-quote-is-layout-flow\">\n<p class=\"has-text-align-justify has-small-font-size\">T1 Dezvoltarea unor protocoale de lucru pentru evaluarea de materiale noi multifunc\u021bionale pentru sisteme si dispozitive utilizate \u00een industrie \u0219i medicin\u0103<\/p>\n\n\n\n<p class=\"has-text-align-justify has-small-font-size\">T2 Cercet\u0103ri avansate pentru&nbsp; crearea de noi cuno\u0219tin\u021be privind metodele si dispozitivele pentru conversia energiei solare \u00een energie electric\u0103 cu aplica\u021bii fotovoltaice \u0219i optoelectronic\u0103<\/p>\n\n\n\n<p class=\"has-text-align-justify has-small-font-size\">T3 Realizarea de cercet\u0103ri pentru dezvoltarea de elemente si sisteme fluidice inteligente din aplica\u021biile energetice prin utilizarea tehnologiilor \u0219i comunica\u021biilor digitale<\/p>\n<\/blockquote>\n\n\n\n<p>Ob. 2 Corelarea activit\u0103\u021bii de cercetare \u0219i inovare cu provoc\u0103rile societale din Agenda Strategic\u0103 de Cercetare &#8220;Hrana, bioeconomie, resurse naturale, biodiversitate, agricultura si mediu&#8221;<\/p>\n\n\n\n<blockquote class=\"wp-block-quote is-layout-flow wp-block-quote-is-layout-flow\">\n<p class=\"has-text-align-justify has-small-font-size\">T4 Cercet\u0103ri integrative viz\u00e2nd implementarea de sisteme avansate de observare \u0219i monitorizare optospectral\u0103&nbsp; geospa\u021bial\u0103 a impactului schimb\u0103rilor climatice \u0219i antropogene asupra ecosistemelor critice<\/p>\n\n\n\n<p class=\"has-text-align-justify has-small-font-size\">T5 Realizarea de cercet\u0103ri avansate cu privire la tipurile \u0219i caracteristicile poluan\u021bilor din apele pluviale, ca suport \u00een dezvoltarea unui management sustenabil \u00een zonele urbane \u0219i peri-urbane<\/p>\n\n\n\n<p class=\"has-text-align-justify has-small-font-size\">T6 Analiza consecintelor actiunii tehnologiilor (tehnologii de extractie a lipidelor si zaharurilor reducatoare si tehnologii de ob\u021binere biocombustibil din microalge) asupra mediului \u00eenconjurator<\/p>\n<\/blockquote>\n\n\n\n<p class=\"has-text-align-justify\">Ob. 3 Cre\u0219terea colabor\u0103rii europene \u0219i interna\u021bionale, promovarea stiintei si accesului deschis la infrastructura in cadrul infrastructurilor de tip ESFRI\/ERIC<\/p>\n\n\n\n<blockquote class=\"wp-block-quote has-small-font-size is-layout-flow wp-block-quote-is-layout-flow\">\n<p class=\"has-text-align-justify has-small-font-size\">T7 Cre\u0219terea contribu\u021biilor \u0219tiin\u021bifice \u0219i dezvoltarea serviciilor asumate de INOE \u00een cadrul infrastructurii de cercetare pan-europene ESFRI\/ERIC din domeniul mediului ACTRIS<\/p>\n\n\n\n<p class=\"has-text-align-justify has-small-font-size\">T8 Dezvoltarea de metode \u0219i tehnici optoelectronice pentru investigarea, analiza, diagnosticarea \u0219i conservarea patrimoniului cultural, \u00een sinergie cu IC distribuite DataFUSION \u0219i E-RIHS<\/p>\n<\/blockquote>\n\n\n<\/div><\/div>\n","protected":false},"excerpt":{"rendered":"<p>Cercet\u0103ri avansate privind crearea de noi cuno\u0219tin\u021be, \u00eencurajarea \u0219tiin\u021bei deschise prin asigurarea vizibilit\u0103\u021bii rezultatelor \u0219tiin\u021bifice \u0219i dezvolt\u0103rii, accesului liber si conectivitatea infrastructurilor de cercetare Proiectul vizeaz\u0103 realizarea de activit\u0103\u021bi de cercetare \u00een domeniul optoelectronicii \u0219i \u00een domenii conexe care r\u0103spund unor provoc\u0103ri societale specifice la scar\u0103 na\u021bional\u0103, regional\u0103 sau mondial\u0103. Activit\u0103\u021bile proiectului urm\u0103resc trei obiective&hellip;<\/p>\n","protected":false},"author":1,"featured_media":0,"parent":0,"menu_order":0,"comment_status":"closed","ping_status":"closed","template":"","meta":{"_editorskit_title_hidden":false,"_editorskit_reading_time":0,"_editorskit_is_block_options_detached":false,"_editorskit_block_options_position":"{}","footnotes":""},"class_list":["post-8","page","type-page","status-publish","hentry","entry"],"_links":{"self":[{"href":"https:\/\/optronica7.inoe.ro\/index.php?rest_route=\/wp\/v2\/pages\/8","targetHints":{"allow":["GET"]}}],"collection":[{"href":"https:\/\/optronica7.inoe.ro\/index.php?rest_route=\/wp\/v2\/pages"}],"about":[{"href":"https:\/\/optronica7.inoe.ro\/index.php?rest_route=\/wp\/v2\/types\/page"}],"author":[{"embeddable":true,"href":"https:\/\/optronica7.inoe.ro\/index.php?rest_route=\/wp\/v2\/users\/1"}],"replies":[{"embeddable":true,"href":"https:\/\/optronica7.inoe.ro\/index.php?rest_route=%2Fwp%2Fv2%2Fcomments&post=8"}],"version-history":[{"count":111,"href":"https:\/\/optronica7.inoe.ro\/index.php?rest_route=\/wp\/v2\/pages\/8\/revisions"}],"predecessor-version":[{"id":552,"href":"https:\/\/optronica7.inoe.ro\/index.php?rest_route=\/wp\/v2\/pages\/8\/revisions\/552"}],"wp:attachment":[{"href":"https:\/\/optronica7.inoe.ro\/index.php?rest_route=%2Fwp%2Fv2%2Fmedia&parent=8"}],"curies":[{"name":"wp","href":"https:\/\/api.w.org\/{rel}","templated":true}]}}