{"id":10,"date":"2023-05-02T12:59:10","date_gmt":"2023-05-02T12:59:10","guid":{"rendered":"https:\/\/optronica7.inoe.ro\/?page_id=10"},"modified":"2023-06-12T15:26:41","modified_gmt":"2023-06-12T15:26:41","slug":"proiect-2","status":"publish","type":"page","link":"https:\/\/optronica7.inoe.ro\/?page_id=10","title":{"rendered":"Proiect 2"},"content":{"rendered":"\n<p class=\"has-text-align-justify\"><strong>Cercet\u0103ri de frontier\u0103 privind realizarea de metode, tehnologii, produse si servicii inovatoare utilizate \u00een solu\u021bionarea problematicii globale \u0219i cre\u0219terea competitivitatii bazate pe cunoa\u0219tere<\/strong><\/p>\n\n\n\n<figure class=\"wp-block-image size-large\"><img loading=\"lazy\" decoding=\"async\" width=\"1024\" height=\"434\" src=\"https:\/\/optronica7.inoe.ro\/wp-content\/uploads\/2023\/05\/Proiect2-1024x434.jpg\" alt=\"\" class=\"wp-image-252\" srcset=\"https:\/\/optronica7.inoe.ro\/wp-content\/uploads\/2023\/05\/Proiect2-1024x434.jpg 1024w, https:\/\/optronica7.inoe.ro\/wp-content\/uploads\/2023\/05\/Proiect2-300x127.jpg 300w, https:\/\/optronica7.inoe.ro\/wp-content\/uploads\/2023\/05\/Proiect2-768x325.jpg 768w, https:\/\/optronica7.inoe.ro\/wp-content\/uploads\/2023\/05\/Proiect2.jpg 1535w\" sizes=\"auto, (max-width: 1024px) 100vw, 1024px\" \/><\/figure>\n\n\n<div class=\"responsive-tabs\">\n<p class=\"tabtitle\">Rezumat<\/p>\n<div class=\"tabcontent\">\n\n\n\n\n<p class=\"has-text-align-justify\">Proiectul vizeaz\u0103 realizarea de activit\u0103\u021bi de cercetare de frontier\u0103 \u00een domeniul optoelectronicii \u0219i \u00een domenii conexe, viz\u00e2nd cre\u0219terea competitivit\u0103\u021bii bazat\u0103 pe cunoa\u0219tere. Activit\u0103\u021bile prev\u0103zute \u00een proiect urm\u0103resc trei obiective specifice, implementate prin 10 \u021binte, care urm\u0103resc: dezvoltarea de materiale func\u021bionale avansate pentru optoelectronic\u0103, mediu, energie \u0219i medicin\u0103; supravegherea climei \u0219i evaluarea cantitativ\u0103 a schimb\u0103rilor climatice \u0219i antropogene asupra ecosistemelor critice prin monitorizare geospa\u021bial\u0103; dezvoltarea de dispozitive \u0219i componente eficiente energetic; dezvoltarea de metode pentru evaluarea \u0219i analiza factorilor de risc viz\u00e2nd implementarea unor m\u0103suri sustenabile de conservare energetic\u0103, ce nu implic\u0103 riscuri asupra patrimoniului cultural, \u00een sinergie cu infrastructurile tip ESFRI\/ERIC din care INOE face parte; reg\u00e2ndirea creativ\u0103 a unor componente \u0219i subansamble din sistemele de ac\u021bion\u0103ri hidraulice, viz\u00e2nd eficientizarea energetic\u0103 \u0219i cre\u0219terea duratei de via\u021b\u0103 a acestora, dar \u0219i stocarea energiei verzi \u00een baterii pneumatice, precum \u0219i dezvoltarea de noi produse \u00een domeniul nutri\u021biei prin dezvoltarea de noi proteine alternative. <\/p>\n\n\n\n<\/div><p class=\"tabtitle\">\u021ainte<\/p>\n<div class=\"tabcontent\">\n\n\n\n\n<p class=\"has-text-align-justify\">Ob. 1 Cresterea competitivitatii institutului prin dezvolatrea de cercetari&#8221;in house&#8221; de tehnici, tehnologii, structuri specifice asociate specializarii inteligente &#8220;5.1 Optoelectronic\u0103&#8221;<\/p>\n\n\n\n<blockquote class=\"wp-block-quote is-layout-flow wp-block-quote-is-layout-flow\">\n<p class=\"has-text-align-justify has-small-font-size\">T1 Dezvoltarea unor tehnologii ecologice de obtinere a unor materiale functionale avansate pentru aplicatii in optoelectronica si domenii conexe<\/p>\n\n\n\n<p class=\"has-small-font-size\">T2 Tehnici avansate pentru obtinerea filmelor active polimerice pentru panouri fotovoltaice<\/p>\n\n\n\n<p class=\"has-text-align-justify has-small-font-size\">T3 Structuri plane optimizate cu rezonanta plasmonica de suprafata SPR, f\u0103r\u0103 prisma de cuplare, permitand multiplicarea in masa pentru cresterea eficientei economice<\/p>\n\n\n\n<p class=\"has-text-align-justify has-small-font-size\">T4 Structuri specifice de biosenzorilor spectrali bazati pe interactia spin-foton-plasmon<\/p>\n<\/blockquote>\n\n\n\n<p class=\"has-text-align-justify\">Ob. 2 Dezvoltarea de sisteme avansate integrate pentru sustinerea ecosistemelor de inovare asociate specializarii inteligente &#8220;6.1 Tehnologii pentru gestionarea, monitorizarea \u0219i depoluarea mediului&#8221;<\/p>\n\n\n\n<blockquote class=\"wp-block-quote is-layout-flow wp-block-quote-is-layout-flow\">\n<p class=\"has-small-font-size\">T5 Produse \u0219i servicii inovatoare dedicate gestion\u0103rii \u0219i monitoriz\u0103rii eficiente a mediului, bazate pe tehnologii \u0219i date de teledetec\u021bie<\/p>\n\n\n\n<p class=\"has-text-align-justify has-small-font-size\">T6&nbsp; Senzor cu senzitivitate m\u0103rit\u0103 folosind fibre optice cu re\u021bele de difrac\u021bie func\u021bionalizate pentru detec\u021bia agen\u021bilor patogeni, a micro- \u0219i nano-poluan\u021bilor chimici din ap\u0103<\/p>\n\n\n\n<p class=\"has-text-align-justify has-small-font-size\">T7 Arie de senzori optoelectronici pentru monitorizarea gazelor, umiditatii si temperaturii<\/p>\n<\/blockquote>\n\n\n\n<p class=\"has-text-align-justify\">Ob. 3 Sinergia cercetarilor de frontiera pentru solutionarea provocarilor societale coroborate cu specializarile inteligente &#8220;5.1 Optoelectronic\u0103&#8221; si &#8220;6.2 Tehnologii pentru economia circulara&#8221;<\/p>\n\n\n\n<blockquote class=\"wp-block-quote is-layout-flow wp-block-quote-is-layout-flow\">\n<p class=\"has-small-font-size\">T8 Metode \u0219i tehnici optoelectronice integrative \u00een sinergie cu provocarile globale<\/p>\n\n\n\n<p class=\"has-text-align-justify has-small-font-size\">T9 Noi concepte \u0219i structuri pentru realizarea de echipamente de interes aplicativ \u00een economia circular\u0103 \u0219i promovarea sistemelor \u0219i componentelor inteligente<\/p>\n\n\n\n<p class=\"has-text-align-justify has-small-font-size\">T10 Noi surse de proteine alternative pentru o nutritie animala si umana sustenabila, in acord cu principiile Green Deal<\/p>\n<\/blockquote>\n\n\n<\/div><\/div>\n","protected":false},"excerpt":{"rendered":"<p>Cercet\u0103ri de frontier\u0103 privind realizarea de metode, tehnologii, produse si servicii inovatoare utilizate \u00een solu\u021bionarea problematicii globale \u0219i cre\u0219terea competitivitatii bazate pe cunoa\u0219tere Proiectul vizeaz\u0103 realizarea de activit\u0103\u021bi de cercetare de frontier\u0103 \u00een domeniul optoelectronicii \u0219i \u00een domenii conexe, viz\u00e2nd cre\u0219terea competitivit\u0103\u021bii bazat\u0103 pe cunoa\u0219tere. Activit\u0103\u021bile prev\u0103zute \u00een proiect urm\u0103resc trei obiective specifice, implementate prin&hellip;<\/p>\n","protected":false},"author":1,"featured_media":0,"parent":0,"menu_order":0,"comment_status":"closed","ping_status":"closed","template":"","meta":{"_editorskit_title_hidden":false,"_editorskit_reading_time":0,"_editorskit_is_block_options_detached":false,"_editorskit_block_options_position":"{}","footnotes":""},"class_list":["post-10","page","type-page","status-publish","hentry","entry"],"_links":{"self":[{"href":"https:\/\/optronica7.inoe.ro\/index.php?rest_route=\/wp\/v2\/pages\/10","targetHints":{"allow":["GET"]}}],"collection":[{"href":"https:\/\/optronica7.inoe.ro\/index.php?rest_route=\/wp\/v2\/pages"}],"about":[{"href":"https:\/\/optronica7.inoe.ro\/index.php?rest_route=\/wp\/v2\/types\/page"}],"author":[{"embeddable":true,"href":"https:\/\/optronica7.inoe.ro\/index.php?rest_route=\/wp\/v2\/users\/1"}],"replies":[{"embeddable":true,"href":"https:\/\/optronica7.inoe.ro\/index.php?rest_route=%2Fwp%2Fv2%2Fcomments&post=10"}],"version-history":[{"count":27,"href":"https:\/\/optronica7.inoe.ro\/index.php?rest_route=\/wp\/v2\/pages\/10\/revisions"}],"predecessor-version":[{"id":553,"href":"https:\/\/optronica7.inoe.ro\/index.php?rest_route=\/wp\/v2\/pages\/10\/revisions\/553"}],"wp:attachment":[{"href":"https:\/\/optronica7.inoe.ro\/index.php?rest_route=%2Fwp%2Fv2%2Fmedia&parent=10"}],"curies":[{"name":"wp","href":"https:\/\/api.w.org\/{rel}","templated":true}]}}